{"id":160,"date":"2024-06-17T11:02:32","date_gmt":"2024-06-17T11:02:32","guid":{"rendered":"http:\/\/localhost\/FelipeZamana\/?page_id=160"},"modified":"2026-04-25T17:55:05","modified_gmt":"2026-04-25T17:55:05","slug":"contact","status":"publish","type":"page","link":"https:\/\/felipezamana.com\/pt\/contact\/","title":{"rendered":"Contato"},"content":{"rendered":"<div class=\"wp-block-columns is-layout-flex wp-container-core-columns-is-layout-28f84493 wp-block-columns-is-layout-flex\">\n<div class=\"wp-block-column is-layout-flow wp-block-column-is-layout-flow\" style=\"flex-basis:66.67%\">\n<p class=\"has-text-align-left\">Voc\u00ea pode entrar em contato com Felipe pelo e-mail <a href=\"mailto:mail@felipezamana.com\">mail@felipezamana.com<\/a> <br><br><em>P.S.: A melhor forma de manter contato \u00e9 <a href=\"https:\/\/bit.ly\/NewsletterFelipeZamana\">assinando a newsletter<\/a>.<\/em><\/p>\n\n\n\n<hr class=\"wp-block-separator has-alpha-channel-opacity\" style=\"margin-top:var(--wp--preset--spacing--60);margin-bottom:var(--wp--preset--spacing--60)\"\/>\n\n\n\n<ul class=\"wp-block-social-links has-icon-color has-icon-background-color is-style-default is-horizontal is-content-justification-left is-nowrap is-layout-flex wp-container-core-social-links-is-layout-facfaf71 wp-block-social-links-is-layout-flex\" style=\"margin-top:var(--wp--preset--spacing--50);margin-bottom:var(--wp--preset--spacing--50)\"><li style=\"color:var(--ast-global-color-5);background-color:var(--ast-global-color-1);\" class=\"wp-social-link wp-social-link-linkedin has-ast-global-color-5-color has-ast-global-color-1-background-color wp-block-social-link\"><a rel=\"noopener nofollow\" target=\"_blank\" href=\"https:\/\/www.linkedin.com\/in\/felipezamana\/\" class=\"wp-block-social-link-anchor\"><svg width=\"24\" height=\"24\" viewbox=\"0 0 24 24\" version=\"1.1\" xmlns=\"http:\/\/www.w3.org\/2000\/svg\" aria-hidden=\"true\" focusable=\"false\"><path d=\"M19.7,3H4.3C3.582,3,3,3.582,3,4.3v15.4C3,20.418,3.582,21,4.3,21h15.4c0.718,0,1.3-0.582,1.3-1.3V4.3 C21,3.582,20.418,3,19.7,3z M8.339,18.338H5.667v-8.59h2.672V18.338z M7.004,8.574c-0.857,0-1.549-0.694-1.549-1.548 c0-0.855,0.691-1.548,1.549-1.548c0.854,0,1.547,0.694,1.547,1.548C8.551,7.881,7.858,8.574,7.004,8.574z M18.339,18.338h-2.669 v-4.177c0-0.996-0.017-2.278-1.387-2.278c-1.389,0-1.601,1.086-1.601,2.206v4.249h-2.667v-8.59h2.559v1.174h0.037 c0.356-0.675,1.227-1.387,2.526-1.387c2.703,0,3.203,1.779,3.203,4.092V18.338z\"><\/path><\/svg><span class=\"wp-block-social-link-label screen-reader-text\">LinkedIn<\/span><\/a><\/li>\n\n<li style=\"color:var(--ast-global-color-5);background-color:var(--ast-global-color-1);\" class=\"wp-social-link wp-social-link-chain has-ast-global-color-5-color has-ast-global-color-1-background-color wp-block-social-link\"><a rel=\"noopener nofollow\" target=\"_blank\" href=\"https:\/\/www.researchgate.net\/profile\/Felipe-Zamana\" class=\"wp-block-social-link-anchor\"><svg width=\"24\" height=\"24\" viewbox=\"0 0 24 24\" version=\"1.1\" xmlns=\"http:\/\/www.w3.org\/2000\/svg\" aria-hidden=\"true\" focusable=\"false\"><path d=\"M15.6,7.2H14v1.5h1.6c2,0,3.7,1.7,3.7,3.7s-1.7,3.7-3.7,3.7H14v1.5h1.6c2.8,0,5.2-2.3,5.2-5.2,0-2.9-2.3-5.2-5.2-5.2zM4.7,12.4c0-2,1.7-3.7,3.7-3.7H10V7.2H8.4c-2.9,0-5.2,2.3-5.2,5.2,0,2.9,2.3,5.2,5.2,5.2H10v-1.5H8.4c-2,0-3.7-1.7-3.7-3.7zm4.6.9h5.3v-1.5H9.3v1.5z\"><\/path><\/svg><span class=\"wp-block-social-link-label screen-reader-text\">Link<\/span><\/a><\/li>\n\n<li style=\"color:var(--ast-global-color-5);background-color:var(--ast-global-color-1);\" class=\"wp-social-link wp-social-link-amazon has-ast-global-color-5-color has-ast-global-color-1-background-color wp-block-social-link\"><a rel=\"noopener nofollow\" target=\"_blank\" href=\"https:\/\/www.amazon.com\/stores\/Felipe-Zamana\/author\/B0B4HHQR5T\" class=\"wp-block-social-link-anchor\"><svg width=\"24\" height=\"24\" viewbox=\"0 0 24 24\" version=\"1.1\" xmlns=\"http:\/\/www.w3.org\/2000\/svg\" aria-hidden=\"true\" focusable=\"false\"><path d=\"M13.582,8.182C11.934,8.367,9.78,8.49,8.238,9.166c-1.781,0.769-3.03,2.337-3.03,4.644 c0,2.953,1.86,4.429,4.253,4.429c2.02,0,3.125-0.477,4.685-2.065c0.516,0.747,0.685,1.109,1.629,1.894 c0.212,0.114,0.483,0.103,0.672-0.066l0.006,0.006c0.567-0.505,1.599-1.401,2.18-1.888c0.231-0.188,0.19-0.496,0.009-0.754 c-0.52-0.718-1.072-1.303-1.072-2.634V8.305c0-1.876,0.133-3.599-1.249-4.891C15.23,2.369,13.422,2,12.04,2 C9.336,2,6.318,3.01,5.686,6.351C5.618,6.706,5.877,6.893,6.109,6.945l2.754,0.298C9.121,7.23,9.308,6.977,9.357,6.72 c0.236-1.151,1.2-1.706,2.284-1.706c0.584,0,1.249,0.215,1.595,0.738c0.398,0.584,0.346,1.384,0.346,2.061V8.182z M13.049,14.088 c-0.451,0.8-1.169,1.291-1.967,1.291c-1.09,0-1.728-0.83-1.728-2.061c0-2.42,2.171-2.86,4.227-2.86v0.615 C13.582,12.181,13.608,13.104,13.049,14.088z M20.683,19.339C18.329,21.076,14.917,22,11.979,22c-4.118,0-7.826-1.522-10.632-4.057 c-0.22-0.199-0.024-0.471,0.241-0.317c3.027,1.762,6.771,2.823,10.639,2.823c2.608,0,5.476-0.541,8.115-1.66 C20.739,18.62,21.072,19.051,20.683,19.339z M21.336,21.043c-0.194,0.163-0.379,0.076-0.293-0.139 c0.284-0.71,0.92-2.298,0.619-2.684c-0.301-0.386-1.99-0.183-2.749-0.092c-0.23,0.027-0.266-0.173-0.059-0.319 c1.348-0.946,3.555-0.673,3.811-0.356C22.925,17.773,22.599,19.986,21.336,21.043z\"><\/path><\/svg><span class=\"wp-block-social-link-label screen-reader-text\">Amazon<\/span><\/a><\/li>\n\n<li style=\"color:var(--ast-global-color-5);background-color:var(--ast-global-color-1);\" class=\"wp-social-link wp-social-link-youtube has-ast-global-color-5-color has-ast-global-color-1-background-color wp-block-social-link\"><a rel=\"noopener nofollow\" target=\"_blank\" href=\"https:\/\/www.youtube.com\/@FelipeZamana\" class=\"wp-block-social-link-anchor\"><svg width=\"24\" height=\"24\" viewbox=\"0 0 24 24\" version=\"1.1\" xmlns=\"http:\/\/www.w3.org\/2000\/svg\" aria-hidden=\"true\" focusable=\"false\"><path d=\"M21.8,8.001c0,0-0.195-1.378-0.795-1.985c-0.76-0.797-1.613-0.801-2.004-0.847c-2.799-0.202-6.997-0.202-6.997-0.202 h-0.009c0,0-4.198,0-6.997,0.202C4.608,5.216,3.756,5.22,2.995,6.016C2.395,6.623,2.2,8.001,2.2,8.001S2,9.62,2,11.238v1.517 c0,1.618,0.2,3.237,0.2,3.237s0.195,1.378,0.795,1.985c0.761,0.797,1.76,0.771,2.205,0.855c1.6,0.153,6.8,0.201,6.8,0.201 s4.203-0.006,7.001-0.209c0.391-0.047,1.243-0.051,2.004-0.847c0.6-0.607,0.795-1.985,0.795-1.985s0.2-1.618,0.2-3.237v-1.517 C22,9.62,21.8,8.001,21.8,8.001z M9.935,14.594l-0.001-5.62l5.404,2.82L9.935,14.594z\"><\/path><\/svg><span class=\"wp-block-social-link-label screen-reader-text\">Youtube<\/span><\/a><\/li>\n\n<li style=\"color:var(--ast-global-color-5);background-color:var(--ast-global-color-1);\" class=\"wp-social-link wp-social-link-spotify has-ast-global-color-5-color has-ast-global-color-1-background-color wp-block-social-link\"><a rel=\"noopener nofollow\" target=\"_blank\" href=\"https:\/\/open.spotify.com\/user\/radio_brisa?si=b347455aff5440ee\" class=\"wp-block-social-link-anchor\"><svg width=\"24\" height=\"24\" viewbox=\"0 0 24 24\" version=\"1.1\" xmlns=\"http:\/\/www.w3.org\/2000\/svg\" aria-hidden=\"true\" focusable=\"false\"><path d=\"M12,2C6.477,2,2,6.477,2,12c0,5.523,4.477,10,10,10c5.523,0,10-4.477,10-10C22,6.477,17.523,2,12,2 M16.586,16.424 c-0.18,0.295-0.563,0.387-0.857,0.207c-2.348-1.435-5.304-1.76-8.785-0.964c-0.335,0.077-0.67-0.133-0.746-0.469 c-0.077-0.335,0.132-0.67,0.469-0.746c3.809-0.871,7.077-0.496,9.713,1.115C16.673,15.746,16.766,16.13,16.586,16.424 M17.81,13.7 c-0.226,0.367-0.706,0.482-1.072,0.257c-2.687-1.652-6.785-2.131-9.965-1.166C6.36,12.917,5.925,12.684,5.8,12.273 C5.675,11.86,5.908,11.425,6.32,11.3c3.632-1.102,8.147-0.568,11.234,1.328C17.92,12.854,18.035,13.335,17.81,13.7 M17.915,10.865 c-3.223-1.914-8.54-2.09-11.618-1.156C5.804,9.859,5.281,9.58,5.131,9.086C4.982,8.591,5.26,8.069,5.755,7.919 c3.532-1.072,9.404-0.865,13.115,1.338c0.445,0.264,0.59,0.838,0.327,1.282C18.933,10.983,18.359,11.129,17.915,10.865\"><\/path><\/svg><span class=\"wp-block-social-link-label screen-reader-text\">Spotify<\/span><\/a><\/li><\/ul>\n<\/div>\n\n\n\n<div class=\"wp-block-column is-content-justification-left is-layout-constrained wp-container-core-column-is-layout-12dd3699 wp-block-column-is-layout-constrained\" style=\"border-style:none;border-width:0px;flex-basis:33.33%\">\n<figure class=\"wp-block-image aligncenter size-full is-resized has-custom-border wp-duotone-unset-1\"><img loading=\"lazy\" decoding=\"async\" width=\"978\" height=\"978\" src=\"https:\/\/felipezamana.com\/wp-content\/uploads\/2024\/08\/20102020.png\" alt=\"\" class=\"wp-image-445\" style=\"border-style:none;border-width:0px;border-radius:100px;object-fit:cover;width:190px;height:190px\" srcset=\"https:\/\/felipezamana.com\/wp-content\/uploads\/2024\/08\/20102020.png 978w, https:\/\/felipezamana.com\/wp-content\/uploads\/2024\/08\/20102020-300x300.png 300w, https:\/\/felipezamana.com\/wp-content\/uploads\/2024\/08\/20102020-150x150.png 150w, https:\/\/felipezamana.com\/wp-content\/uploads\/2024\/08\/20102020-768x768.png 768w, https:\/\/felipezamana.com\/wp-content\/uploads\/2024\/08\/20102020-12x12.png 12w\" sizes=\"auto, (max-width: 978px) 100vw, 978px\" \/><\/figure>\n\n\n\n<div style=\"height:1px\" aria-hidden=\"true\" class=\"wp-block-spacer\"><\/div>\n\n\n\n<h6 class=\"wp-block-heading has-text-align-left\" style=\"margin-top:0;margin-bottom:0\">FELIPE ZAMANA, Phd<\/h6>\n\n\n\n<p style=\"margin-top:0;margin-bottom:0;padding-top:0;padding-right:0;padding-bottom:0;padding-left:0\">Professor &amp; Pesquisador<br>Criatividade na Educa\u00e7\u00e3o<br><em>Conectando conhecimento acad\u00eamico e pr\u00e1tica profissional. <\/em> <br><a data-type=\"page\" data-id=\"9\" href=\"\/pt\/about\/\">Saiba mais\u2192<\/a><\/p>\n\n\n\n<ul class=\"wp-block-social-links has-normal-icon-size has-icon-color has-icon-background-color is-style-default is-horizontal is-content-justification-left is-nowrap is-layout-flex wp-container-core-social-links-is-layout-cbfdfc27 wp-block-social-links-is-layout-flex\">\n\n<\/ul>\n\n\n\n<h6 class=\"wp-block-heading\" style=\"margin-top:var(--wp--preset--spacing--20);margin-bottom:var(--wp--preset--spacing--20);padding-top:var(--wp--preset--spacing--20);padding-bottom:var(--wp--preset--spacing--20)\">ASSINE A NEWSLETTER<\/h6>\n\n\n\n<p style=\"margin-top:0;margin-bottom:0;padding-top:0;padding-right:0;padding-bottom:0;padding-left:0\">Junte-se aos leitores que recebem seus textos por email:<\/p>\n\n\n\n<div class=\"wp-block-buttons is-content-justification-center is-layout-flex wp-container-core-buttons-is-layout-a89b3969 wp-block-buttons-is-layout-flex\">\n<div class=\"wp-block-button is-style-fill\"><a class=\"wp-block-button__link wp-element-button\" href=\"https:\/\/bit.ly\/NewsletterFelipeZamana\">INSCREVA-SE AGORA<\/a><\/div>\n<\/div>\n\n\n\n<div style=\"height:25px\" aria-hidden=\"true\" class=\"wp-block-spacer\"><\/div>\n\n\n\n<h6 class=\"wp-block-heading\">POSTS POR T\u00d3PICO<\/h6>\n\n\n<ul class=\"wp-block-categories-list wp-block-categories\">\t<li class=\"cat-item cat-item-1\"><a href=\"https:\/\/felipezamana.com\/pt\/category\/blog\/\">Blog<\/a>\n<\/li>\n\t<li class=\"cat-item cat-item-2\"><a href=\"https:\/\/felipezamana.com\/pt\/category\/creativity\/\">Criatividade<\/a>\n<\/li>\n\t<li class=\"cat-item cat-item-3\"><a href=\"https:\/\/felipezamana.com\/pt\/category\/education\/\">Educa\u00e7\u00e3o<\/a>\n<\/li>\n\t<li class=\"cat-item cat-item-4\"><a href=\"https:\/\/felipezamana.com\/pt\/category\/future-of-work\/\">Futuro do Trabalho<\/a>\n<\/li>\n\t<li class=\"cat-item cat-item-5\"><a href=\"https:\/\/felipezamana.com\/pt\/category\/knowledge\/\">Conhecimento<\/a>\n<\/li>\n<\/ul><\/div>\n<\/div>","protected":false},"excerpt":{"rendered":"<p>You can contact Felipe via email at mail@felipezamana.com P.S.: The best way to stay in touch is to subscribe to [&hellip;]<\/p>\n","protected":false},"author":2,"featured_media":0,"parent":0,"menu_order":0,"comment_status":"closed","ping_status":"closed","template":"","meta":{"site-sidebar-layout":"left-sidebar","site-content-layout":"","ast-site-content-layout":"default","site-content-style":"default","site-sidebar-style":"default","ast-global-header-display":"","ast-banner-title-visibility":"","ast-main-header-display":"","ast-hfb-above-header-display":"","ast-hfb-below-header-display":"","ast-hfb-mobile-header-display":"","site-post-title":"disabled","ast-breadcrumbs-content":"","ast-featured-img":"","footer-sml-layout":"","ast-disable-related-posts":"","theme-transparent-header-meta":"","adv-header-id-meta":"","stick-header-meta":"","header-above-stick-meta":"","header-main-stick-meta":"","header-below-stick-meta":"","astra-migrate-meta-layouts":"default","ast-page-background-enabled":"default","ast-page-background-meta":{"desktop":{"background-color":"var(--ast-global-color-4)","background-image":"","background-repeat":"repeat","background-position":"center center","background-size":"auto","background-attachment":"scroll","background-type":"","background-media":"","overlay-type":"","overlay-color":"","overlay-opacity":"","overlay-gradient":""},"tablet":{"background-color":"","background-image":"","background-repeat":"repeat","background-position":"center center","background-size":"auto","background-attachment":"scroll","background-type":"","background-media":"","overlay-type":"","overlay-color":"","overlay-opacity":"","overlay-gradient":""},"mobile":{"background-color":"","background-image":"","background-repeat":"repeat","background-position":"center center","background-size":"auto","background-attachment":"scroll","background-type":"","background-media":"","overlay-type":"","overlay-color":"","overlay-opacity":"","overlay-gradient":""}},"ast-content-background-meta":{"desktop":{"background-color":"var(--ast-global-color-5)","background-image":"","background-repeat":"repeat","background-position":"center center","background-size":"auto","background-attachment":"scroll","background-type":"","background-media":"","overlay-type":"","overlay-color":"","overlay-opacity":"","overlay-gradient":""},"tablet":{"background-color":"var(--ast-global-color-5)","background-image":"","background-repeat":"repeat","background-position":"center center","background-size":"auto","background-attachment":"scroll","background-type":"","background-media":"","overlay-type":"","overlay-color":"","overlay-opacity":"","overlay-gradient":""},"mobile":{"background-color":"var(--ast-global-color-5)","background-image":"","background-repeat":"repeat","background-position":"center center","background-size":"auto","background-attachment":"scroll","background-type":"","background-media":"","overlay-type":"","overlay-color":"","overlay-opacity":"","overlay-gradient":""}},"footnotes":""},"class_list":["post-160","page","type-page","status-publish","hentry"],"yoast_head":"<!-- This site is optimized with the Yoast SEO plugin v27.4 - https:\/\/yoast.com\/product\/yoast-seo-wordpress\/ -->\n<title>Contact | Felipe Zamana<\/title>\n<meta name=\"description\" content=\"Professor, Writer, Speaker, and Researcher. His work aims to bridge academic knowledge and professional practice through Education. Read more\u2192\" \/>\n<meta name=\"robots\" content=\"index, follow, max-snippet:-1, max-image-preview:large, max-video-preview:-1\" \/>\n<link rel=\"canonical\" href=\"https:\/\/felipezamana.com\/pt\/contact\/\" \/>\n<meta property=\"og:locale\" content=\"pt_BR\" \/>\n<meta property=\"og:type\" content=\"article\" \/>\n<meta property=\"og:title\" content=\"Contact | Felipe Zamana\" \/>\n<meta property=\"og:description\" content=\"Professor, Writer, Speaker, and Researcher. His work aims to bridge academic knowledge and professional practice through Education. Read more\u2192\" \/>\n<meta property=\"og:url\" content=\"https:\/\/felipezamana.com\/pt\/contact\/\" \/>\n<meta property=\"og:site_name\" content=\"Felipe Zamana\" \/>\n<meta property=\"article:modified_time\" content=\"2026-04-25T17:55:05+00:00\" \/>\n<meta property=\"og:image\" content=\"https:\/\/felipezamana.com\/wp-content\/uploads\/2024\/08\/20102020.png\" \/>\n\t<meta property=\"og:image:width\" content=\"978\" \/>\n\t<meta property=\"og:image:height\" content=\"978\" \/>\n\t<meta property=\"og:image:type\" content=\"image\/png\" \/>\n<meta name=\"twitter:card\" content=\"summary_large_image\" \/>\n<meta name=\"twitter:label1\" content=\"Est. tempo de leitura\" \/>\n\t<meta name=\"twitter:data1\" content=\"1 minuto\" \/>\n<script type=\"application\/ld+json\" class=\"yoast-schema-graph\">{\"@context\":\"https:\\\/\\\/schema.org\",\"@graph\":[{\"@type\":\"WebPage\",\"@id\":\"https:\\\/\\\/felipezamana.com\\\/contact\\\/\",\"url\":\"https:\\\/\\\/felipezamana.com\\\/contact\\\/\",\"name\":\"Contact | Felipe Zamana\",\"isPartOf\":{\"@id\":\"https:\\\/\\\/felipezamana.com\\\/#website\"},\"primaryImageOfPage\":{\"@id\":\"https:\\\/\\\/felipezamana.com\\\/contact\\\/#primaryimage\"},\"image\":{\"@id\":\"https:\\\/\\\/felipezamana.com\\\/contact\\\/#primaryimage\"},\"thumbnailUrl\":\"https:\\\/\\\/felipezamana.com\\\/wp-content\\\/uploads\\\/2024\\\/08\\\/20102020.png\",\"datePublished\":\"2024-06-17T11:02:32+00:00\",\"dateModified\":\"2026-04-25T17:55:05+00:00\",\"description\":\"Professor, Writer, Speaker, and Researcher. His work aims to bridge academic knowledge and professional practice through Education. Read more\u2192\",\"breadcrumb\":{\"@id\":\"https:\\\/\\\/felipezamana.com\\\/contact\\\/#breadcrumb\"},\"inLanguage\":\"pt-BR\",\"potentialAction\":[{\"@type\":\"ReadAction\",\"target\":[\"https:\\\/\\\/felipezamana.com\\\/contact\\\/\"]}]},{\"@type\":\"ImageObject\",\"inLanguage\":\"pt-BR\",\"@id\":\"https:\\\/\\\/felipezamana.com\\\/contact\\\/#primaryimage\",\"url\":\"https:\\\/\\\/felipezamana.com\\\/wp-content\\\/uploads\\\/2024\\\/08\\\/20102020.png\",\"contentUrl\":\"https:\\\/\\\/felipezamana.com\\\/wp-content\\\/uploads\\\/2024\\\/08\\\/20102020.png\"},{\"@type\":\"BreadcrumbList\",\"@id\":\"https:\\\/\\\/felipezamana.com\\\/contact\\\/#breadcrumb\",\"itemListElement\":[{\"@type\":\"ListItem\",\"position\":1,\"name\":\"Home\",\"item\":\"https:\\\/\\\/felipezamana.com\\\/\"},{\"@type\":\"ListItem\",\"position\":2,\"name\":\"Contact\"}]},{\"@type\":\"WebSite\",\"@id\":\"https:\\\/\\\/felipezamana.com\\\/#website\",\"url\":\"https:\\\/\\\/felipezamana.com\\\/\",\"name\":\"Felipe Zamana\",\"description\":\"Felipe Zamana - Professor, Writer, Speaker, and Researcher\",\"publisher\":{\"@id\":\"https:\\\/\\\/felipezamana.com\\\/#\\\/schema\\\/person\\\/09fd04cdc86e154cd737cc0bf75c55e0\"},\"potentialAction\":[{\"@type\":\"SearchAction\",\"target\":{\"@type\":\"EntryPoint\",\"urlTemplate\":\"https:\\\/\\\/felipezamana.com\\\/?s={search_term_string}\"},\"query-input\":{\"@type\":\"PropertyValueSpecification\",\"valueRequired\":true,\"valueName\":\"search_term_string\"}}],\"inLanguage\":\"pt-BR\"},{\"@type\":[\"Person\",\"Organization\"],\"@id\":\"https:\\\/\\\/felipezamana.com\\\/#\\\/schema\\\/person\\\/09fd04cdc86e154cd737cc0bf75c55e0\",\"name\":\"felipezamana\",\"image\":{\"@type\":\"ImageObject\",\"inLanguage\":\"pt-BR\",\"@id\":\"https:\\\/\\\/felipezamana.com\\\/wp-content\\\/uploads\\\/2024\\\/08\\\/20102020.png\",\"url\":\"https:\\\/\\\/felipezamana.com\\\/wp-content\\\/uploads\\\/2024\\\/08\\\/20102020.png\",\"contentUrl\":\"https:\\\/\\\/felipezamana.com\\\/wp-content\\\/uploads\\\/2024\\\/08\\\/20102020.png\",\"width\":978,\"height\":978,\"caption\":\"felipezamana\"},\"logo\":{\"@id\":\"https:\\\/\\\/felipezamana.com\\\/wp-content\\\/uploads\\\/2024\\\/08\\\/20102020.png\"}}]}<\/script>\n<!-- \/ Yoast SEO plugin. -->","yoast_head_json":{"title":"Contact | Felipe Zamana","description":"Professor, Writer, Speaker, and Researcher. His work aims to bridge academic knowledge and professional practice through Education. Read more\u2192","robots":{"index":"index","follow":"follow","max-snippet":"max-snippet:-1","max-image-preview":"max-image-preview:large","max-video-preview":"max-video-preview:-1"},"canonical":"https:\/\/felipezamana.com\/pt\/contact\/","og_locale":"pt_BR","og_type":"article","og_title":"Contact | Felipe Zamana","og_description":"Professor, Writer, Speaker, and Researcher. His work aims to bridge academic knowledge and professional practice through Education. Read more\u2192","og_url":"https:\/\/felipezamana.com\/pt\/contact\/","og_site_name":"Felipe Zamana","article_modified_time":"2026-04-25T17:55:05+00:00","og_image":[{"width":978,"height":978,"url":"https:\/\/felipezamana.com\/wp-content\/uploads\/2024\/08\/20102020.png","type":"image\/png"}],"twitter_card":"summary_large_image","twitter_misc":{"Est. tempo de leitura":"1 minuto"},"schema":{"@context":"https:\/\/schema.org","@graph":[{"@type":"WebPage","@id":"https:\/\/felipezamana.com\/contact\/","url":"https:\/\/felipezamana.com\/contact\/","name":"Contact | Felipe Zamana","isPartOf":{"@id":"https:\/\/felipezamana.com\/#website"},"primaryImageOfPage":{"@id":"https:\/\/felipezamana.com\/contact\/#primaryimage"},"image":{"@id":"https:\/\/felipezamana.com\/contact\/#primaryimage"},"thumbnailUrl":"https:\/\/felipezamana.com\/wp-content\/uploads\/2024\/08\/20102020.png","datePublished":"2024-06-17T11:02:32+00:00","dateModified":"2026-04-25T17:55:05+00:00","description":"Professor, Writer, Speaker, and Researcher. His work aims to bridge academic knowledge and professional practice through Education. Read more\u2192","breadcrumb":{"@id":"https:\/\/felipezamana.com\/contact\/#breadcrumb"},"inLanguage":"pt-BR","potentialAction":[{"@type":"ReadAction","target":["https:\/\/felipezamana.com\/contact\/"]}]},{"@type":"ImageObject","inLanguage":"pt-BR","@id":"https:\/\/felipezamana.com\/contact\/#primaryimage","url":"https:\/\/felipezamana.com\/wp-content\/uploads\/2024\/08\/20102020.png","contentUrl":"https:\/\/felipezamana.com\/wp-content\/uploads\/2024\/08\/20102020.png"},{"@type":"BreadcrumbList","@id":"https:\/\/felipezamana.com\/contact\/#breadcrumb","itemListElement":[{"@type":"ListItem","position":1,"name":"Home","item":"https:\/\/felipezamana.com\/"},{"@type":"ListItem","position":2,"name":"Contact"}]},{"@type":"WebSite","@id":"https:\/\/felipezamana.com\/#website","url":"https:\/\/felipezamana.com\/","name":"Felipe Zamana","description":"Felipe Zamana - Professor, Writer, Speaker, and Researcher","publisher":{"@id":"https:\/\/felipezamana.com\/#\/schema\/person\/09fd04cdc86e154cd737cc0bf75c55e0"},"potentialAction":[{"@type":"SearchAction","target":{"@type":"EntryPoint","urlTemplate":"https:\/\/felipezamana.com\/?s={search_term_string}"},"query-input":{"@type":"PropertyValueSpecification","valueRequired":true,"valueName":"search_term_string"}}],"inLanguage":"pt-BR"},{"@type":["Person","Organization"],"@id":"https:\/\/felipezamana.com\/#\/schema\/person\/09fd04cdc86e154cd737cc0bf75c55e0","name":"felipezamana","image":{"@type":"ImageObject","inLanguage":"pt-BR","@id":"https:\/\/felipezamana.com\/wp-content\/uploads\/2024\/08\/20102020.png","url":"https:\/\/felipezamana.com\/wp-content\/uploads\/2024\/08\/20102020.png","contentUrl":"https:\/\/felipezamana.com\/wp-content\/uploads\/2024\/08\/20102020.png","width":978,"height":978,"caption":"felipezamana"},"logo":{"@id":"https:\/\/felipezamana.com\/wp-content\/uploads\/2024\/08\/20102020.png"}}]}},"_links":{"self":[{"href":"https:\/\/felipezamana.com\/pt\/wp-json\/wp\/v2\/pages\/160","targetHints":{"allow":["GET"]}}],"collection":[{"href":"https:\/\/felipezamana.com\/pt\/wp-json\/wp\/v2\/pages"}],"about":[{"href":"https:\/\/felipezamana.com\/pt\/wp-json\/wp\/v2\/types\/page"}],"author":[{"embeddable":true,"href":"https:\/\/felipezamana.com\/pt\/wp-json\/wp\/v2\/users\/2"}],"replies":[{"embeddable":true,"href":"https:\/\/felipezamana.com\/pt\/wp-json\/wp\/v2\/comments?post=160"}],"version-history":[{"count":34,"href":"https:\/\/felipezamana.com\/pt\/wp-json\/wp\/v2\/pages\/160\/revisions"}],"predecessor-version":[{"id":965,"href":"https:\/\/felipezamana.com\/pt\/wp-json\/wp\/v2\/pages\/160\/revisions\/965"}],"wp:attachment":[{"href":"https:\/\/felipezamana.com\/pt\/wp-json\/wp\/v2\/media?parent=160"}],"curies":[{"name":"wp","href":"https:\/\/api.w.org\/{rel}","templated":true}]}}