{"id":142,"date":"2024-06-17T09:47:03","date_gmt":"2024-06-17T09:47:03","guid":{"rendered":"http:\/\/localhost\/FelipeZamana\/?page_id=142"},"modified":"2026-04-25T17:55:50","modified_gmt":"2026-04-25T17:55:50","slug":"speaking","status":"publish","type":"page","link":"https:\/\/felipezamana.com\/pt\/speaking\/","title":{"rendered":"Palestras"},"content":{"rendered":"<div class=\"wp-block-columns is-layout-flex wp-container-core-columns-is-layout-28f84493 wp-block-columns-is-layout-flex\">\n<div class=\"wp-block-column is-layout-flow wp-block-column-is-layout-flow\" style=\"flex-basis:66.67%\">\n<figure class=\"wp-block-image size-full\"><img loading=\"lazy\" decoding=\"async\" width=\"1279\" height=\"1139\" src=\"https:\/\/felipezamana.com\/wp-content\/uploads\/2024\/08\/TEDxUSP-4.jpg\" alt=\"\" class=\"wp-image-502\" srcset=\"https:\/\/felipezamana.com\/wp-content\/uploads\/2024\/08\/TEDxUSP-4.jpg 1279w, https:\/\/felipezamana.com\/wp-content\/uploads\/2024\/08\/TEDxUSP-4-300x267.jpg 300w, https:\/\/felipezamana.com\/wp-content\/uploads\/2024\/08\/TEDxUSP-4-1024x912.jpg 1024w, https:\/\/felipezamana.com\/wp-content\/uploads\/2024\/08\/TEDxUSP-4-768x684.jpg 768w, https:\/\/felipezamana.com\/wp-content\/uploads\/2024\/08\/TEDxUSP-4-13x12.jpg 13w\" sizes=\"auto, (max-width: 1279px) 100vw, 1279px\" \/><\/figure>\n\n\n\n<h2 class=\"wp-block-heading\" style=\"margin-top:var(--wp--preset--spacing--20);margin-bottom:var(--wp--preset--spacing--20);padding-top:var(--wp--preset--spacing--20);padding-bottom:var(--wp--preset--spacing--20)\">CONECTANDO O CONHECIMENTO E A PR\u00c1TICA NA EDUCA\u00c7\u00c3O E NA FORMA\u00c7\u00c3O PROFISSIONAL.<\/h2>\n\n\n\n<p>Para obter informa\u00e7\u00f5es sobre tarifas e disponibilidade para eventos de palestras e workshops presenciais ou virtuais, entre em contato com Felipe aqui:<\/p>\n\n\n\n<div class=\"wp-block-buttons is-content-justification-center is-layout-flex wp-container-core-buttons-is-layout-a89b3969 wp-block-buttons-is-layout-flex\">\n<div class=\"wp-block-button\"><a class=\"wp-block-button__link wp-element-button\" href=\"mailto:mail@felipezamana.com\" target=\"_blank\" rel=\"noreferrer noopener\">ENVIAR MENSAGEM<\/a><\/div>\n<\/div>\n\n\n\n<div style=\"height:25px\" aria-hidden=\"true\" class=\"wp-block-spacer\"><\/div>\n\n\n\n<h4 class=\"wp-block-heading\">PALESTRAS &amp; WORKSHOPS PARA:<\/h4>\n\n\n\n<figure class=\"wp-block-image size-full\"><img loading=\"lazy\" decoding=\"async\" width=\"2160\" height=\"3442\" src=\"https:\/\/felipezamana.com\/wp-content\/uploads\/2025\/01\/Logos-Clientes.png\" alt=\"\" class=\"wp-image-741\" srcset=\"https:\/\/felipezamana.com\/wp-content\/uploads\/2025\/01\/Logos-Clientes.png 2160w, https:\/\/felipezamana.com\/wp-content\/uploads\/2025\/01\/Logos-Clientes-188x300.png 188w, https:\/\/felipezamana.com\/wp-content\/uploads\/2025\/01\/Logos-Clientes-643x1024.png 643w, https:\/\/felipezamana.com\/wp-content\/uploads\/2025\/01\/Logos-Clientes-768x1224.png 768w, https:\/\/felipezamana.com\/wp-content\/uploads\/2025\/01\/Logos-Clientes-964x1536.png 964w, https:\/\/felipezamana.com\/wp-content\/uploads\/2025\/01\/Logos-Clientes-1285x2048.png 1285w, https:\/\/felipezamana.com\/wp-content\/uploads\/2025\/01\/Logos-Clientes-8x12.png 8w\" sizes=\"auto, (max-width: 2160px) 100vw, 2160px\" \/><\/figure>\n\n\n\n<div style=\"height:25px\" aria-hidden=\"true\" class=\"wp-block-spacer\"><\/div>\n\n\n\n<h4 class=\"wp-block-heading\" style=\"margin-top:var(--wp--preset--spacing--30);margin-bottom:var(--wp--preset--spacing--30);padding-top:var(--wp--preset--spacing--30);padding-bottom:var(--wp--preset--spacing--30)\">\u00c1REAS DE EXPERTISE &amp; T\u00d3PICOS:<\/h4>\n\n\n\n<p>\u2022 Criatividade<br>\u2022 Educa\u00e7\u00e3o<br>\u2022 Lideran\u00e7a<br>\u2022 Futuro do Trabalho<\/p>\n\n\n\n<p><strong>Outras especialidades:<\/strong> inova\u00e7\u00e3o, gest\u00e3o do conhecimento, aprendizagem ao longo da vida\/intencional, pensamento cr\u00edtico, estrutura de participa\u00e7\u00e3o, adapta\u00e7\u00e3o, gest\u00e3o de mudan\u00e7as, incerteza e complexidade.<\/p>\n\n\n\n<div style=\"height:25px\" aria-hidden=\"true\" class=\"wp-block-spacer\"><\/div>\n\n\n\n<h2 class=\"wp-block-heading\">VAMOS TRABALHAR JUNTOS<\/h2>\n\n\n\n<p>Para obter informa\u00e7\u00f5es sobre tarifas e disponibilidade para eventos de palestras e workshops presenciais ou virtuais, entre em contato com Felipe aqui:<\/p>\n\n\n\n<div class=\"wp-block-buttons is-content-justification-center is-layout-flex wp-container-core-buttons-is-layout-a89b3969 wp-block-buttons-is-layout-flex\">\n<div class=\"wp-block-button\"><a class=\"wp-block-button__link wp-element-button\" href=\"mailto:mail@felipezamana.com\" target=\"_blank\" rel=\"noreferrer noopener\">ENVIAR MENSAGEM<\/a><\/div>\n<\/div>\n<\/div>\n\n\n\n<div class=\"wp-block-column is-content-justification-left is-layout-constrained wp-container-core-column-is-layout-12dd3699 wp-block-column-is-layout-constrained\" style=\"border-style:none;border-width:0px;flex-basis:33.33%\">\n<figure class=\"wp-block-image aligncenter size-full is-resized has-custom-border wp-duotone-unset-1\"><img loading=\"lazy\" decoding=\"async\" width=\"978\" height=\"978\" src=\"https:\/\/felipezamana.com\/wp-content\/uploads\/2024\/08\/20102020.png\" alt=\"\" class=\"wp-image-445\" style=\"border-style:none;border-width:0px;border-radius:100px;object-fit:cover;width:190px;height:190px\" srcset=\"https:\/\/felipezamana.com\/wp-content\/uploads\/2024\/08\/20102020.png 978w, https:\/\/felipezamana.com\/wp-content\/uploads\/2024\/08\/20102020-300x300.png 300w, https:\/\/felipezamana.com\/wp-content\/uploads\/2024\/08\/20102020-150x150.png 150w, https:\/\/felipezamana.com\/wp-content\/uploads\/2024\/08\/20102020-768x768.png 768w, https:\/\/felipezamana.com\/wp-content\/uploads\/2024\/08\/20102020-12x12.png 12w\" sizes=\"auto, (max-width: 978px) 100vw, 978px\" \/><\/figure>\n\n\n\n<div style=\"height:1px\" aria-hidden=\"true\" class=\"wp-block-spacer\"><\/div>\n\n\n\n<h6 class=\"wp-block-heading has-text-align-left\" style=\"margin-top:0;margin-bottom:0\">FELIPE ZAMANA, Phd<\/h6>\n\n\n\n<p style=\"margin-top:0;margin-bottom:0;padding-top:0;padding-right:0;padding-bottom:0;padding-left:0\">Professor &amp; Pesquisador<br>Criatividade na Educa\u00e7\u00e3o<br><em>Conectando conhecimento acad\u00eamico e pr\u00e1tica profissional. <\/em> <br><a data-type=\"page\" data-id=\"9\" href=\"\/pt\/about\/\">Saiba mais\u2192<\/a><\/p>\n\n\n\n<ul class=\"wp-block-social-links has-normal-icon-size has-icon-color has-icon-background-color is-style-default is-horizontal is-content-justification-left is-nowrap is-layout-flex wp-container-core-social-links-is-layout-9a4cde8a wp-block-social-links-is-layout-flex\"><li style=\"color:#ffffff;background-color:var(--ast-global-color-1);\" class=\"wp-social-link wp-social-link-linkedin has-white-color wp-block-social-link\"><a rel=\"noopener nofollow\" target=\"_blank\" href=\"https:\/\/www.linkedin.com\/in\/felipezamana\/\" class=\"wp-block-social-link-anchor\"><svg width=\"24\" height=\"24\" viewbox=\"0 0 24 24\" version=\"1.1\" xmlns=\"http:\/\/www.w3.org\/2000\/svg\" aria-hidden=\"true\" focusable=\"false\"><path d=\"M19.7,3H4.3C3.582,3,3,3.582,3,4.3v15.4C3,20.418,3.582,21,4.3,21h15.4c0.718,0,1.3-0.582,1.3-1.3V4.3 C21,3.582,20.418,3,19.7,3z M8.339,18.338H5.667v-8.59h2.672V18.338z M7.004,8.574c-0.857,0-1.549-0.694-1.549-1.548 c0-0.855,0.691-1.548,1.549-1.548c0.854,0,1.547,0.694,1.547,1.548C8.551,7.881,7.858,8.574,7.004,8.574z M18.339,18.338h-2.669 v-4.177c0-0.996-0.017-2.278-1.387-2.278c-1.389,0-1.601,1.086-1.601,2.206v4.249h-2.667v-8.59h2.559v1.174h0.037 c0.356-0.675,1.227-1.387,2.526-1.387c2.703,0,3.203,1.779,3.203,4.092V18.338z\"><\/path><\/svg><span class=\"wp-block-social-link-label screen-reader-text\">LinkedIn<\/span><\/a><\/li>\n\n<li style=\"color:#ffffff;background-color:var(--ast-global-color-1);\" class=\"wp-social-link wp-social-link-chain has-white-color wp-block-social-link\"><a rel=\"noopener nofollow\" target=\"_blank\" href=\"https:\/\/www.researchgate.net\/profile\/Felipe-Zamana\/\" class=\"wp-block-social-link-anchor\"><svg width=\"24\" height=\"24\" viewbox=\"0 0 24 24\" version=\"1.1\" xmlns=\"http:\/\/www.w3.org\/2000\/svg\" aria-hidden=\"true\" focusable=\"false\"><path d=\"M15.6,7.2H14v1.5h1.6c2,0,3.7,1.7,3.7,3.7s-1.7,3.7-3.7,3.7H14v1.5h1.6c2.8,0,5.2-2.3,5.2-5.2,0-2.9-2.3-5.2-5.2-5.2zM4.7,12.4c0-2,1.7-3.7,3.7-3.7H10V7.2H8.4c-2.9,0-5.2,2.3-5.2,5.2,0,2.9,2.3,5.2,5.2,5.2H10v-1.5H8.4c-2,0-3.7-1.7-3.7-3.7zm4.6.9h5.3v-1.5H9.3v1.5z\"><\/path><\/svg><span class=\"wp-block-social-link-label screen-reader-text\">ResearchGate<\/span><\/a><\/li><\/ul>\n\n\n\n<h6 class=\"wp-block-heading\" style=\"margin-top:var(--wp--preset--spacing--20);margin-bottom:var(--wp--preset--spacing--20);padding-top:var(--wp--preset--spacing--20);padding-bottom:var(--wp--preset--spacing--20)\">ASSINE A NEWSLETTER<\/h6>\n\n\n\n<p style=\"margin-top:0;margin-bottom:0;padding-top:0;padding-right:0;padding-bottom:0;padding-left:0\">Junte-se aos leitores que recebem seus textos por email:<\/p>\n\n\n\n<div class=\"wp-block-buttons is-content-justification-center is-layout-flex wp-container-core-buttons-is-layout-a89b3969 wp-block-buttons-is-layout-flex\">\n<div class=\"wp-block-button is-style-fill\"><a class=\"wp-block-button__link wp-element-button\" href=\"https:\/\/bit.ly\/NewsletterFelipeZamana\">INSCREVA-SE AGORA<\/a><\/div>\n<\/div>\n\n\n\n<div style=\"height:25px\" aria-hidden=\"true\" class=\"wp-block-spacer\"><\/div>\n\n\n\n<h6 class=\"wp-block-heading\">POSTS POR T\u00d3PICO<\/h6>\n\n\n<ul class=\"wp-block-categories-list wp-block-categories\">\t<li class=\"cat-item cat-item-1\"><a href=\"https:\/\/felipezamana.com\/pt\/category\/blog\/\">Blog<\/a>\n<\/li>\n\t<li class=\"cat-item cat-item-2\"><a href=\"https:\/\/felipezamana.com\/pt\/category\/creativity\/\">Criatividade<\/a>\n<\/li>\n\t<li class=\"cat-item cat-item-3\"><a href=\"https:\/\/felipezamana.com\/pt\/category\/education\/\">Educa\u00e7\u00e3o<\/a>\n<\/li>\n\t<li class=\"cat-item cat-item-4\"><a href=\"https:\/\/felipezamana.com\/pt\/category\/future-of-work\/\">Futuro do Trabalho<\/a>\n<\/li>\n\t<li class=\"cat-item cat-item-5\"><a href=\"https:\/\/felipezamana.com\/pt\/category\/knowledge\/\">Conhecimento<\/a>\n<\/li>\n<\/ul><\/div>\n<\/div>\n\n\n\n<p><\/p>","protected":false},"excerpt":{"rendered":"<p>BRIDGING KNOWLEDGE AND PRACTICE ACROSS EDUCATION AND PROFESSIONAL LEARNING. To inquire about rates and availability for in-person or virtual Speaking [&hellip;]<\/p>\n","protected":false},"author":2,"featured_media":0,"parent":0,"menu_order":0,"comment_status":"closed","ping_status":"closed","template":"","meta":{"site-sidebar-layout":"left-sidebar","site-content-layout":"","ast-site-content-layout":"default","site-content-style":"default","site-sidebar-style":"default","ast-global-header-display":"","ast-banner-title-visibility":"","ast-main-header-display":"","ast-hfb-above-header-display":"","ast-hfb-below-header-display":"","ast-hfb-mobile-header-display":"","site-post-title":"disabled","ast-breadcrumbs-content":"","ast-featured-img":"","footer-sml-layout":"","ast-disable-related-posts":"","theme-transparent-header-meta":"","adv-header-id-meta":"","stick-header-meta":"","header-above-stick-meta":"","header-main-stick-meta":"","header-below-stick-meta":"","astra-migrate-meta-layouts":"default","ast-page-background-enabled":"default","ast-page-background-meta":{"desktop":{"background-color":"var(--ast-global-color-4)","background-image":"","background-repeat":"repeat","background-position":"center center","background-size":"auto","background-attachment":"scroll","background-type":"","background-media":"","overlay-type":"","overlay-color":"","overlay-opacity":"","overlay-gradient":""},"tablet":{"background-color":"","background-image":"","background-repeat":"repeat","background-position":"center center","background-size":"auto","background-attachment":"scroll","background-type":"","background-media":"","overlay-type":"","overlay-color":"","overlay-opacity":"","overlay-gradient":""},"mobile":{"background-color":"","background-image":"","background-repeat":"repeat","background-position":"center center","background-size":"auto","background-attachment":"scroll","background-type":"","background-media":"","overlay-type":"","overlay-color":"","overlay-opacity":"","overlay-gradient":""}},"ast-content-background-meta":{"desktop":{"background-color":"var(--ast-global-color-5)","background-image":"","background-repeat":"repeat","background-position":"center center","background-size":"auto","background-attachment":"scroll","background-type":"","background-media":"","overlay-type":"","overlay-color":"","overlay-opacity":"","overlay-gradient":""},"tablet":{"background-color":"var(--ast-global-color-5)","background-image":"","background-repeat":"repeat","background-position":"center center","background-size":"auto","background-attachment":"scroll","background-type":"","background-media":"","overlay-type":"","overlay-color":"","overlay-opacity":"","overlay-gradient":""},"mobile":{"background-color":"var(--ast-global-color-5)","background-image":"","background-repeat":"repeat","background-position":"center center","background-size":"auto","background-attachment":"scroll","background-type":"","background-media":"","overlay-type":"","overlay-color":"","overlay-opacity":"","overlay-gradient":""}},"footnotes":""},"class_list":["post-142","page","type-page","status-publish","hentry"],"yoast_head":"<!-- This site is optimized with the Yoast SEO plugin v27.4 - https:\/\/yoast.com\/product\/yoast-seo-wordpress\/ -->\n<title>Speaking | Felipe Zamana<\/title>\n<meta name=\"robots\" content=\"index, follow, max-snippet:-1, max-image-preview:large, max-video-preview:-1\" \/>\n<link rel=\"canonical\" href=\"https:\/\/felipezamana.com\/pt\/speaking\/\" \/>\n<meta property=\"og:locale\" content=\"pt_BR\" \/>\n<meta property=\"og:type\" content=\"article\" \/>\n<meta property=\"og:title\" content=\"Speaking | Felipe Zamana\" \/>\n<meta property=\"og:description\" content=\"BRIDGING KNOWLEDGE AND PRACTICE ACROSS EDUCATION AND PROFESSIONAL LEARNING. To inquire about rates and availability for in-person or virtual Speaking [&hellip;]\" \/>\n<meta property=\"og:url\" content=\"https:\/\/felipezamana.com\/pt\/speaking\/\" \/>\n<meta property=\"og:site_name\" content=\"Felipe Zamana\" \/>\n<meta property=\"article:modified_time\" content=\"2026-04-25T17:55:50+00:00\" \/>\n<meta property=\"og:image\" content=\"https:\/\/felipezamana.com\/wp-content\/uploads\/2024\/08\/TEDxUSP-4.jpg\" \/>\n\t<meta property=\"og:image:width\" content=\"1279\" \/>\n\t<meta property=\"og:image:height\" content=\"1139\" \/>\n\t<meta property=\"og:image:type\" content=\"image\/jpeg\" \/>\n<meta name=\"twitter:card\" content=\"summary_large_image\" \/>\n<meta name=\"twitter:label1\" content=\"Est. tempo de leitura\" \/>\n\t<meta name=\"twitter:data1\" content=\"2 minutos\" \/>\n<script type=\"application\/ld+json\" class=\"yoast-schema-graph\">{\"@context\":\"https:\\\/\\\/schema.org\",\"@graph\":[{\"@type\":\"WebPage\",\"@id\":\"https:\\\/\\\/felipezamana.com\\\/speaking\\\/\",\"url\":\"https:\\\/\\\/felipezamana.com\\\/speaking\\\/\",\"name\":\"Speaking | Felipe Zamana\",\"isPartOf\":{\"@id\":\"https:\\\/\\\/felipezamana.com\\\/#website\"},\"primaryImageOfPage\":{\"@id\":\"https:\\\/\\\/felipezamana.com\\\/speaking\\\/#primaryimage\"},\"image\":{\"@id\":\"https:\\\/\\\/felipezamana.com\\\/speaking\\\/#primaryimage\"},\"thumbnailUrl\":\"https:\\\/\\\/felipezamana.com\\\/wp-content\\\/uploads\\\/2024\\\/08\\\/TEDxUSP-4.jpg\",\"datePublished\":\"2024-06-17T09:47:03+00:00\",\"dateModified\":\"2026-04-25T17:55:50+00:00\",\"breadcrumb\":{\"@id\":\"https:\\\/\\\/felipezamana.com\\\/speaking\\\/#breadcrumb\"},\"inLanguage\":\"pt-BR\",\"potentialAction\":[{\"@type\":\"ReadAction\",\"target\":[\"https:\\\/\\\/felipezamana.com\\\/speaking\\\/\"]}]},{\"@type\":\"ImageObject\",\"inLanguage\":\"pt-BR\",\"@id\":\"https:\\\/\\\/felipezamana.com\\\/speaking\\\/#primaryimage\",\"url\":\"https:\\\/\\\/felipezamana.com\\\/wp-content\\\/uploads\\\/2024\\\/08\\\/TEDxUSP-4.jpg\",\"contentUrl\":\"https:\\\/\\\/felipezamana.com\\\/wp-content\\\/uploads\\\/2024\\\/08\\\/TEDxUSP-4.jpg\"},{\"@type\":\"BreadcrumbList\",\"@id\":\"https:\\\/\\\/felipezamana.com\\\/speaking\\\/#breadcrumb\",\"itemListElement\":[{\"@type\":\"ListItem\",\"position\":1,\"name\":\"Home\",\"item\":\"https:\\\/\\\/felipezamana.com\\\/\"},{\"@type\":\"ListItem\",\"position\":2,\"name\":\"Speaking\"}]},{\"@type\":\"WebSite\",\"@id\":\"https:\\\/\\\/felipezamana.com\\\/#website\",\"url\":\"https:\\\/\\\/felipezamana.com\\\/\",\"name\":\"Felipe Zamana\",\"description\":\"Felipe Zamana - Professor, Writer, Speaker, and Researcher\",\"publisher\":{\"@id\":\"https:\\\/\\\/felipezamana.com\\\/#\\\/schema\\\/person\\\/09fd04cdc86e154cd737cc0bf75c55e0\"},\"potentialAction\":[{\"@type\":\"SearchAction\",\"target\":{\"@type\":\"EntryPoint\",\"urlTemplate\":\"https:\\\/\\\/felipezamana.com\\\/?s={search_term_string}\"},\"query-input\":{\"@type\":\"PropertyValueSpecification\",\"valueRequired\":true,\"valueName\":\"search_term_string\"}}],\"inLanguage\":\"pt-BR\"},{\"@type\":[\"Person\",\"Organization\"],\"@id\":\"https:\\\/\\\/felipezamana.com\\\/#\\\/schema\\\/person\\\/09fd04cdc86e154cd737cc0bf75c55e0\",\"name\":\"felipezamana\",\"image\":{\"@type\":\"ImageObject\",\"inLanguage\":\"pt-BR\",\"@id\":\"https:\\\/\\\/felipezamana.com\\\/wp-content\\\/uploads\\\/2024\\\/08\\\/20102020.png\",\"url\":\"https:\\\/\\\/felipezamana.com\\\/wp-content\\\/uploads\\\/2024\\\/08\\\/20102020.png\",\"contentUrl\":\"https:\\\/\\\/felipezamana.com\\\/wp-content\\\/uploads\\\/2024\\\/08\\\/20102020.png\",\"width\":978,\"height\":978,\"caption\":\"felipezamana\"},\"logo\":{\"@id\":\"https:\\\/\\\/felipezamana.com\\\/wp-content\\\/uploads\\\/2024\\\/08\\\/20102020.png\"}}]}<\/script>\n<!-- \/ Yoast SEO plugin. -->","yoast_head_json":{"title":"Speaking | Felipe Zamana","robots":{"index":"index","follow":"follow","max-snippet":"max-snippet:-1","max-image-preview":"max-image-preview:large","max-video-preview":"max-video-preview:-1"},"canonical":"https:\/\/felipezamana.com\/pt\/speaking\/","og_locale":"pt_BR","og_type":"article","og_title":"Speaking | Felipe Zamana","og_description":"BRIDGING KNOWLEDGE AND PRACTICE ACROSS EDUCATION AND PROFESSIONAL LEARNING. To inquire about rates and availability for in-person or virtual Speaking [&hellip;]","og_url":"https:\/\/felipezamana.com\/pt\/speaking\/","og_site_name":"Felipe Zamana","article_modified_time":"2026-04-25T17:55:50+00:00","og_image":[{"width":1279,"height":1139,"url":"https:\/\/felipezamana.com\/wp-content\/uploads\/2024\/08\/TEDxUSP-4.jpg","type":"image\/jpeg"}],"twitter_card":"summary_large_image","twitter_misc":{"Est. tempo de leitura":"2 minutos"},"schema":{"@context":"https:\/\/schema.org","@graph":[{"@type":"WebPage","@id":"https:\/\/felipezamana.com\/speaking\/","url":"https:\/\/felipezamana.com\/speaking\/","name":"Speaking | Felipe Zamana","isPartOf":{"@id":"https:\/\/felipezamana.com\/#website"},"primaryImageOfPage":{"@id":"https:\/\/felipezamana.com\/speaking\/#primaryimage"},"image":{"@id":"https:\/\/felipezamana.com\/speaking\/#primaryimage"},"thumbnailUrl":"https:\/\/felipezamana.com\/wp-content\/uploads\/2024\/08\/TEDxUSP-4.jpg","datePublished":"2024-06-17T09:47:03+00:00","dateModified":"2026-04-25T17:55:50+00:00","breadcrumb":{"@id":"https:\/\/felipezamana.com\/speaking\/#breadcrumb"},"inLanguage":"pt-BR","potentialAction":[{"@type":"ReadAction","target":["https:\/\/felipezamana.com\/speaking\/"]}]},{"@type":"ImageObject","inLanguage":"pt-BR","@id":"https:\/\/felipezamana.com\/speaking\/#primaryimage","url":"https:\/\/felipezamana.com\/wp-content\/uploads\/2024\/08\/TEDxUSP-4.jpg","contentUrl":"https:\/\/felipezamana.com\/wp-content\/uploads\/2024\/08\/TEDxUSP-4.jpg"},{"@type":"BreadcrumbList","@id":"https:\/\/felipezamana.com\/speaking\/#breadcrumb","itemListElement":[{"@type":"ListItem","position":1,"name":"Home","item":"https:\/\/felipezamana.com\/"},{"@type":"ListItem","position":2,"name":"Speaking"}]},{"@type":"WebSite","@id":"https:\/\/felipezamana.com\/#website","url":"https:\/\/felipezamana.com\/","name":"Felipe Zamana","description":"Felipe Zamana - Professor, Writer, Speaker, and Researcher","publisher":{"@id":"https:\/\/felipezamana.com\/#\/schema\/person\/09fd04cdc86e154cd737cc0bf75c55e0"},"potentialAction":[{"@type":"SearchAction","target":{"@type":"EntryPoint","urlTemplate":"https:\/\/felipezamana.com\/?s={search_term_string}"},"query-input":{"@type":"PropertyValueSpecification","valueRequired":true,"valueName":"search_term_string"}}],"inLanguage":"pt-BR"},{"@type":["Person","Organization"],"@id":"https:\/\/felipezamana.com\/#\/schema\/person\/09fd04cdc86e154cd737cc0bf75c55e0","name":"felipezamana","image":{"@type":"ImageObject","inLanguage":"pt-BR","@id":"https:\/\/felipezamana.com\/wp-content\/uploads\/2024\/08\/20102020.png","url":"https:\/\/felipezamana.com\/wp-content\/uploads\/2024\/08\/20102020.png","contentUrl":"https:\/\/felipezamana.com\/wp-content\/uploads\/2024\/08\/20102020.png","width":978,"height":978,"caption":"felipezamana"},"logo":{"@id":"https:\/\/felipezamana.com\/wp-content\/uploads\/2024\/08\/20102020.png"}}]}},"_links":{"self":[{"href":"https:\/\/felipezamana.com\/pt\/wp-json\/wp\/v2\/pages\/142","targetHints":{"allow":["GET"]}}],"collection":[{"href":"https:\/\/felipezamana.com\/pt\/wp-json\/wp\/v2\/pages"}],"about":[{"href":"https:\/\/felipezamana.com\/pt\/wp-json\/wp\/v2\/types\/page"}],"author":[{"embeddable":true,"href":"https:\/\/felipezamana.com\/pt\/wp-json\/wp\/v2\/users\/2"}],"replies":[{"embeddable":true,"href":"https:\/\/felipezamana.com\/pt\/wp-json\/wp\/v2\/comments?post=142"}],"version-history":[{"count":21,"href":"https:\/\/felipezamana.com\/pt\/wp-json\/wp\/v2\/pages\/142\/revisions"}],"predecessor-version":[{"id":967,"href":"https:\/\/felipezamana.com\/pt\/wp-json\/wp\/v2\/pages\/142\/revisions\/967"}],"wp:attachment":[{"href":"https:\/\/felipezamana.com\/pt\/wp-json\/wp\/v2\/media?parent=142"}],"curies":[{"name":"wp","href":"https:\/\/api.w.org\/{rel}","templated":true}]}}